{"id":10,"date":"2013-02-12T16:10:24","date_gmt":"2013-02-12T16:10:24","guid":{"rendered":"http:\/\/www.elsecretodelacolmena.com\/?page_id=10"},"modified":"2013-04-04T09:18:52","modified_gmt":"2013-04-04T09:18:52","slug":"participa-y-difunde","status":"publish","type":"page","link":"https:\/\/www.elsecretodelacolmena.com\/?page_id=10","title":{"rendered":"Participa"},"content":{"rendered":"<p>&nbsp;<\/p>\n<p align=\"JUSTIFY\"><span style=\"color: #333333;\"><span style=\"font-family: Arial,sans-serif;\"><span style=\"font-size: small;\">Si te consideras una persona OPTIMISTA, CREATIVA y MOTIVADORA puedes tomar parte en las siguientes propuestas:<br \/>\n<\/span><\/span><\/span><\/p>\n<p>&nbsp;<\/p>\n<p><span style=\"color: #dc2521;\"><strong><span style=\"font-family: Arial,sans-serif;\">Concurso innovadores<\/span><\/strong><\/span><\/p>\n<p><span style=\"font-family: Arial,sans-serif;\">Premiaremos las mejores experiencias creativas e innovadoras. Comparte tus experiencias.<\/span><\/p>\n<p style=\"text-align: center;\"><a title=\"Concurso\" href=\"http:\/\/www.facebook.com\/elsecretodelacolmena\/app_256593927709045\" target=\"_blank\"><img decoding=\"async\" loading=\"lazy\" alt=\"boton\" src=\"http:\/\/www.elsecretodelacolmena.com\/wp-content\/uploads\/2013\/02\/boton.jpg\" width=\"56\" height=\"56\" \/><\/a><\/p>\n<p style=\"text-align: center;\"><span style=\"color: #808080;\">\u00a1Participa!<\/span><\/p>\n<p align=\"JUSTIFY\"><span style=\"color: #aecf00;\"><span style=\"font-family: Arial,sans-serif;\"><b>Melero: Espacio de di\u00e1logos e intercambio<br \/>\n<\/b><\/span><\/span><\/p>\n<p align=\"JUSTIFY\"><span style=\"color: #666666;\"><span style=\"font-family: Arial,sans-serif;\"><span style=\"color: #333333;\">En \u00e9l se alberga el secreto de los innovadores, \u00a1Desc\u00fabrelos y aporta nuevas ideas novedosas y creativas en este punto de encuentro web!\u00a0\u00a0 <strong>\u00a1<a href=\"http:\/\/www.pisaformacion.com\/v_portal\/apartados\/apartado.asp?te=259\" target=\"_blank\">Entra!<\/a><\/strong><\/span><\/span><\/span><\/p>\n<p align=\"JUSTIFY\"><span style=\"color: #e48db3;\"><span style=\"font-family: Arial,sans-serif;\"><span style=\"font-size: small;\"><b>Taller formativo on-line<\/b><\/span><\/span><\/span><\/p>\n<p align=\"JUSTIFY\"><span style=\"font-family: Arial,sans-serif;\"><span style=\"font-size: small;\">\u00bfC\u00f3mo fomentar la cultura creativa en mi negocio?<\/span><\/span><\/p>\n<p style=\"text-align: left;\" align=\"JUSTIFY\"><span style=\"font-family: Arial,sans-serif;\"><span style=\"font-size: small;\">F\u00f3rmate y conoce los conceptos b\u00e1sicos de la cultura de la innovaci\u00f3n y aprende a implantarla en tu vida profesional y personal.<\/span><\/span><\/p>\n<p style=\"text-align: center;\" align=\"JUSTIFY\"><span style=\"color: #666666;\"><span style=\"font-family: Arial,sans-serif;\"><span style=\"font-size: small;\"><a title=\"Entrar en taller\" href=\"  http:\/\/www.pisaformacion.com\/v_portal\/apartados\/apartado.asp?te=260\" target=\"_blank\"><img decoding=\"async\" loading=\"lazy\" class=\"aligncenter\" alt=\"boton\" src=\"http:\/\/www.elsecretodelacolmena.com\/wp-content\/uploads\/2013\/02\/boton.jpg\" width=\"58\" height=\"58\" \/><\/a> <\/span><\/span><\/span><\/p>\n<p style=\"text-align: center;\" align=\"JUSTIFY\"><span style=\"color: #808080;\">Inscr\u00edbete al taller (gratuito)<\/span><\/p>\n<p align=\"JUSTIFY\"><span style=\"color: #4c4c4c;\"><span style=\"font-family: Arial,sans-serif;\"><span style=\"font-size: small;\"><b><span style=\"color: #00cccc;\">Redes sociales<\/span><\/b><\/span><\/span><\/span><\/p>\n<p align=\"JUSTIFY\"><span style=\"color: #666666;\"><span style=\"font-family: Arial,sans-serif;\"><span style=\"font-size: small; color: #333333;\">S\u00edguenos a trav\u00e9s de <\/span><strong><a href=\"http:\/\/www.facebook.com\/elsecretodelacolmena?ref=ts&amp;fref=ts\">fac<\/a><a href=\"http:\/\/www.facebook.com\/elsecretodelacolmena?ref=ts&amp;fref=ts\" target=\"_blank\">ebook<\/a><a href=\"http:\/\/www.facebook.com\/elsecretodelacolmena?ref=ts&amp;fref=ts\"><span style=\"font-size: small;\">, <\/span><\/a><a href=\"https:\/\/twitter.com\/secretocolmena\" target=\"_blank\">twitter <\/a><\/strong><span style=\"font-size: small;\">y <strong><a href=\"http:\/\/www.youtube.com\/elsecretodelacolmena\" target=\"_blank\">youtube<\/a><\/strong>: <span style=\"color: #333333;\">mantente al tanto de todos los avances del proyecto, cu\u00e9ntanos tu opini\u00f3n y participa.<\/span><\/span><\/span><\/span><\/p>\n<p align=\"JUSTIFY\"><span style=\"color: #4c4c4c;\"><span style=\"font-family: Arial,sans-serif;\"><span style=\"font-size: small;\"><b><span style=\"color: #ff950e;\">Estudio de buenas pr\u00e1cticas<\/span><\/b><\/span><\/span><\/span><\/p>\n<p align=\"JUSTIFY\"><span style=\"color: #333333;\"><span style=\"font-family: Arial,sans-serif;\"><span style=\"font-size: small;\">Las 12 mejores iniciativas en cultura en innovadora ser\u00e1n protagonistas del estudio final del proyecto. \u00a1Es hora de que tengas un reconocimiento por tu creatividad! <\/span><\/span><\/span><strong><a href=\"http:\/\/www.facebook.com\/elsecretodelacolmena\/app_256593927709045\" target=\"_blank\">\u00a1Participa en nuestro concurso!<\/a><\/strong><\/p>\n<p align=\"JUSTIFY\"><span style=\"color: #ff950e;\"><span style=\"font-family: Arial,sans-serif;\"><span style=\"font-size: small;\"><b><span style=\"color: #94104a;\">Serie de Reportajes Audiovisuales<\/span><\/b><\/span><\/span><\/span><\/p>\n<p align=\"JUSTIFY\"><span style=\"color: #666666;\"><span style=\"font-family: Arial,sans-serif;\"><span style=\"font-size: small;\"><span style=\"color: #333333;\">Los ganadores de cada categor\u00eda ser\u00e1n los protagonistas de nuestra serie de reportajes. Se difundir\u00e1n a trav\u00e9s de internet y los pondremos a disposici\u00f3n de todos los medios de comunicaci\u00f3n interesados. <\/span><strong><a href=\"http:\/\/www.youtube.com\/elsecretodelacolmena\" target=\"_blank\">Ver aqu\u00ed<\/a><\/strong><\/span><\/span><\/span><\/p>\n<p align=\"JUSTIFY\"><span style=\"color: #579d1c;\"><span style=\"font-family: Arial,sans-serif;\"><span style=\"font-size: small;\"><b>Videosecretos<\/b><\/span><\/span><\/span><\/p>\n<p align=\"JUSTIFY\"><span style=\"color: #333333;\"><span style=\"font-family: Arial,sans-serif;\"><span style=\"font-size: small;\">Los comentarios de los participantes se incluir\u00e1n en los guiones de esta serie de 7 micro-v\u00eddeos sobre los valores del innovador. Se distribuir\u00e1n a trav\u00e9s de internet y m\u00f3viles. <\/span><\/span><\/span><strong><span style=\"color: #666666;\"><span style=\"font-family: Arial,sans-serif;\"><span style=\"font-size: small;\"><a href=\"http:\/\/www.youtube.com\/elsecretodelacolmena\" target=\"_blank\">Ver aqu\u00ed<\/a><\/span><\/span><\/span><\/strong><\/p>\n","protected":false},"excerpt":{"rendered":"<p>&nbsp; Si te consideras una persona OPTIMISTA, CREATIVA y MOTIVADORA puedes tomar parte en las siguientes propuestas: &nbsp; Concurso innovadores Premiaremos las mejores experiencias creativas e innovadoras. Comparte tus experiencias. \u00a1Participa! Melero: Espacio de di\u00e1logos e intercambio En \u00e9l se alberga el secreto de los innovadores, \u00a1Desc\u00fabrelos y aporta nuevas ideas novedosas y creativas en este punto de encuentro web!\u00a0\u00a0 &#8230;<\/p>\n","protected":false},"author":1,"featured_media":0,"parent":0,"menu_order":1,"comment_status":"open","ping_status":"open","template":"","meta":[],"_links":{"self":[{"href":"https:\/\/www.elsecretodelacolmena.com\/index.php?rest_route=\/wp\/v2\/pages\/10"}],"collection":[{"href":"https:\/\/www.elsecretodelacolmena.com\/index.php?rest_route=\/wp\/v2\/pages"}],"about":[{"href":"https:\/\/www.elsecretodelacolmena.com\/index.php?rest_route=\/wp\/v2\/types\/page"}],"author":[{"embeddable":true,"href":"https:\/\/www.elsecretodelacolmena.com\/index.php?rest_route=\/wp\/v2\/users\/1"}],"replies":[{"embeddable":true,"href":"https:\/\/www.elsecretodelacolmena.com\/index.php?rest_route=%2Fwp%2Fv2%2Fcomments&post=10"}],"version-history":[{"count":39,"href":"https:\/\/www.elsecretodelacolmena.com\/index.php?rest_route=\/wp\/v2\/pages\/10\/revisions"}],"predecessor-version":[{"id":32,"href":"https:\/\/www.elsecretodelacolmena.com\/index.php?rest_route=\/wp\/v2\/pages\/10\/revisions\/32"}],"wp:attachment":[{"href":"https:\/\/www.elsecretodelacolmena.com\/index.php?rest_route=%2Fwp%2Fv2%2Fmedia&parent=10"}],"curies":[{"name":"wp","href":"https:\/\/api.w.org\/{rel}","templated":true}]}}