{"id":188,"date":"2013-10-01T20:55:46","date_gmt":"2013-10-01T20:55:46","guid":{"rendered":"http:\/\/www.elsecretodelacolmena.com\/?page_id=188"},"modified":"2013-10-01T20:57:38","modified_gmt":"2013-10-01T20:57:38","slug":"guia-buenas-practicas","status":"publish","type":"page","link":"https:\/\/www.elsecretodelacolmena.com\/?page_id=188","title":{"rendered":"Gu\u00eda Buenas pr\u00e1cticas"},"content":{"rendered":"<p>&nbsp;<\/p>\n<p style=\"text-align: center;\">Desc\u00e1rgate la <a href=\"http:\/\/www.elsecretodelacolmena.com\/wp-content\/uploads\/2013\/10\/120031_Gu\u00eda.pdf\" target=\"_blank\">gu\u00eda<\/a> de buenas pr\u00e1cticas.<br \/>\n&nbsp;<br \/>\n<a title=\"guia\" href=\"http:\/\/www.elsecretodelacolmena.com\/wp-content\/uploads\/2013\/10\/120031_Gu\u00eda.pdf\" target=\"_blank\"><img decoding=\"async\" loading=\"lazy\" class=\"aligncenter\" alt=\"boton\" src=\"http:\/\/www.elsecretodelacolmena.com\/wp-content\/uploads\/2013\/02\/boton.jpg\" width=\"56\" height=\"56\" \/><\/a><\/p>\n","protected":false},"excerpt":{"rendered":"<p>&nbsp; Desc\u00e1rgate la gu\u00eda de buenas pr\u00e1cticas. &nbsp;<\/p>\n","protected":false},"author":1,"featured_media":0,"parent":0,"menu_order":6,"comment_status":"open","ping_status":"open","template":"","meta":[],"_links":{"self":[{"href":"https:\/\/www.elsecretodelacolmena.com\/index.php?rest_route=\/wp\/v2\/pages\/188"}],"collection":[{"href":"https:\/\/www.elsecretodelacolmena.com\/index.php?rest_route=\/wp\/v2\/pages"}],"about":[{"href":"https:\/\/www.elsecretodelacolmena.com\/index.php?rest_route=\/wp\/v2\/types\/page"}],"author":[{"embeddable":true,"href":"https:\/\/www.elsecretodelacolmena.com\/index.php?rest_route=\/wp\/v2\/users\/1"}],"replies":[{"embeddable":true,"href":"https:\/\/www.elsecretodelacolmena.com\/index.php?rest_route=%2Fwp%2Fv2%2Fcomments&post=188"}],"version-history":[{"count":4,"href":"https:\/\/www.elsecretodelacolmena.com\/index.php?rest_route=\/wp\/v2\/pages\/188\/revisions"}],"predecessor-version":[{"id":194,"href":"https:\/\/www.elsecretodelacolmena.com\/index.php?rest_route=\/wp\/v2\/pages\/188\/revisions\/194"}],"wp:attachment":[{"href":"https:\/\/www.elsecretodelacolmena.com\/index.php?rest_route=%2Fwp%2Fv2%2Fmedia&parent=188"}],"curies":[{"name":"wp","href":"https:\/\/api.w.org\/{rel}","templated":true}]}}