{"id":26,"date":"2013-02-13T11:28:25","date_gmt":"2013-02-13T11:28:25","guid":{"rendered":"http:\/\/www.elsecretodelacolmena.com\/?page_id=26"},"modified":"2013-03-11T21:46:10","modified_gmt":"2013-03-11T21:46:10","slug":"el-concurso","status":"publish","type":"page","link":"https:\/\/www.elsecretodelacolmena.com\/?page_id=26","title":{"rendered":"El concurso"},"content":{"rendered":"<p style=\"text-align: center;\">\n<p style=\"text-align: center;\"><a title=\"Concurso\" href=\"http:\/\/www.facebook.com\/elsecretodelacolmena\/app_256593927709045\" target=\"_blank\"><img decoding=\"async\" loading=\"lazy\" alt=\"boton\" src=\"http:\/\/www.elsecretodelacolmena.com\/wp-content\/uploads\/2013\/02\/boton.jpg\" width=\"80\" height=\"80\" \/><\/a><\/p>\n<p style=\"text-align: center;\"><span style=\"color: #808080;\">\u00a1Participa!<\/span><\/p>\n<p align=\"JUSTIFY\">\n<p align=\"JUSTIFY\"><span style=\"color: #333333;\"><span style=\"font-family: Arial,sans-serif;\"><span style=\"font-size: small;\">Buscamos PERSONAS y EMPRESAS que empleen la INNOVACI\u00d3N como v\u00eda de CAMBIO y transmitan esta FILOSOF\u00cdA a la gente que les rodea:<\/span><\/span><\/span><\/p>\n<p align=\"JUSTIFY\"><span style=\"color: #e48db3;\"><span style=\"font-family: Arial,sans-serif;\"><span style=\"font-size: small;\"><b>Empresas de nueva creaci\u00f3n y emprendedores<\/b><\/span><\/span><\/span><\/p>\n<p align=\"JUSTIFY\"><span style=\"color: #333333;\">\u201c<span style=\"font-family: Arial,sans-serif;\"><span style=\"font-size: small;\"><i>Voy a crear un nuevo concepto de negocio\u2026\u201d \u201cTengo en mente ideas novedosas que me van a permitir diferenciarme de mi competencia\u2026\u201d \u201cCuento con un perfil creativo e innovador\u2026\u201d \u201cSomos una spin-off creada a partir de una idea de un grupo de estudiantes\u2026\u201d<\/i><\/span><\/span><\/span><\/p>\n<p align=\"JUSTIFY\"><span style=\"color: #aecf00;\"><span style=\"font-family: Arial,sans-serif;\"><span style=\"font-size: small;\"><b>Compa\u00f1\u00edas en situaci\u00f3n de relevo generacional<\/b><\/span><\/span><\/span><\/p>\n<p align=\"JUSTIFY\"><span style=\"color: #333333;\">\u201c<span style=\"font-family: Arial,sans-serif;\"><span style=\"font-size: small;\"><i>Queremos dar un giro innovador y diferenciador a nuestro negocio\u2026\u201d \u201cPoseemos un sistema de reconocimiento para aquellos trabajadores que aportan sugerencias de mejora\u2026\u201d \u201cInformamos de forma innovadora a nuestros empleados de los cambios que van a producirse&#8230;\u201d \u201cVigilamos a nuestra competencia para detectar buenas pr\u00e1cticas y nichos de mercado futuros\u2026\u201d<\/i><\/span><\/span><\/span><\/p>\n<p align=\"JUSTIFY\"><span style=\"color: #036f74;\"><span style=\"font-family: Arial,sans-serif;\"><span style=\"font-size: small;\"><b>Mujeres empresarias pertenecientes al \u00e1mbito rural<\/b><\/span><\/span><\/span><\/p>\n<p align=\"JUSTIFY\">\u201c<span style=\"color: #333333;\"><span style=\"font-family: Arial,sans-serif;\"><span style=\"font-size: small;\"><i>Gracias a una buena idea y a nuestra filosof\u00eda de negocio hemos dado una vuelta a nuestra actividad\u2026\u201d \u201cFomentamos el trabajo en equipo\u2026\u201d \u201cContamos con una l\u00edder nata que\u2026\u201d \u201cEmpleamos t\u00e9cnicas creativas para la resoluci\u00f3n de problemas empresariales\u2026\u201d \u201cHemos conseguido modernizar una actividad considerada tradicional&#8230;\u201d \u201cTenemos sistemas de gesti\u00f3n internos que mejoran nuestra eficiencia\u2026\u201d<\/i><\/span><\/span><\/span><\/p>\n<p align=\"JUSTIFY\"><span style=\"color: #df7f2e;\"><span style=\"font-family: Arial,sans-serif;\"><span style=\"font-size: small;\"><b>Trabajadores pertenecientes a PYMES innovadoras<\/b><\/span><\/span><\/span><\/p>\n<p align=\"JUSTIFY\"><span style=\"color: #333333;\">\u201c<span style=\"font-family: Arial,sans-serif;\"><span style=\"font-size: small;\"><i>Gracias a mi idea innovadora, mi empresa ha logrado mejorar su posicionamiento\u2026\u201d \u201cParticipo en sesiones de creatividad para buscar mejoras\u2026\u201d \u201cSiempre que mi jefe necesita una soluci\u00f3n original a un problema, piensa en mi\u2026\u201d<\/i><\/span><\/span><\/span><\/p>\n<p>&nbsp;<\/p>\n<p align=\"CENTER\"><span style=\"color: #036f74;\"><span style=\"font-family: Arial,sans-serif;\"><span style=\"font-size: small;\"><b>Los GANADORES ser\u00e1n protagonistas de nuestros <\/b><\/span><\/span><\/span><\/p>\n<p align=\"CENTER\"><span style=\"color: #036f74;\"><span style=\"font-family: Arial,sans-serif;\"><span style=\"font-size: small;\"><b>REPORTAJES AUDIOVISUALES, GU\u00cdA DE BUENAS PR\u00c1CTICAS Y VIDEOSECRETOS<\/b><\/span><\/span><\/span><\/p>\n<p style=\"text-align: center;\"><a title=\"Concurso\" href=\"http:\/\/www.facebook.com\/elsecretodelacolmena\/app_256593927709045\" target=\"_blank\"><img decoding=\"async\" loading=\"lazy\" alt=\"boton\" src=\"http:\/\/www.elsecretodelacolmena.com\/wp-content\/uploads\/2013\/02\/boton.jpg\" width=\"80\" height=\"80\" \/><\/a><\/p>\n<p style=\"text-align: center;\"><span style=\"color: #808080;\">\u00a1Participa!<br \/>\n<\/span><\/p>\n<pre><\/pre>\n<p align=\"CENTER\"><span style=\"color: #333333;\"><span style=\"font-family: Arial,sans-serif;\"><span style=\"font-size: small;\">\u00a0<\/span><\/span><\/span><\/p>\n","protected":false},"excerpt":{"rendered":"<p>\u00a1Participa! Buscamos PERSONAS y EMPRESAS que empleen la INNOVACI\u00d3N como v\u00eda de CAMBIO y transmitan esta FILOSOF\u00cdA a la gente que les rodea: Empresas de nueva creaci\u00f3n y emprendedores \u201cVoy a crear un nuevo concepto de negocio\u2026\u201d \u201cTengo en mente ideas novedosas que me van a permitir diferenciarme de mi competencia\u2026\u201d \u201cCuento con un perfil creativo e innovador\u2026\u201d \u201cSomos una &#8230;<\/p>\n","protected":false},"author":1,"featured_media":0,"parent":0,"menu_order":2,"comment_status":"open","ping_status":"closed","template":"","meta":[],"_links":{"self":[{"href":"https:\/\/www.elsecretodelacolmena.com\/index.php?rest_route=\/wp\/v2\/pages\/26"}],"collection":[{"href":"https:\/\/www.elsecretodelacolmena.com\/index.php?rest_route=\/wp\/v2\/pages"}],"about":[{"href":"https:\/\/www.elsecretodelacolmena.com\/index.php?rest_route=\/wp\/v2\/types\/page"}],"author":[{"embeddable":true,"href":"https:\/\/www.elsecretodelacolmena.com\/index.php?rest_route=\/wp\/v2\/users\/1"}],"replies":[{"embeddable":true,"href":"https:\/\/www.elsecretodelacolmena.com\/index.php?rest_route=%2Fwp%2Fv2%2Fcomments&post=26"}],"version-history":[{"count":19,"href":"https:\/\/www.elsecretodelacolmena.com\/index.php?rest_route=\/wp\/v2\/pages\/26\/revisions"}],"predecessor-version":[{"id":29,"href":"https:\/\/www.elsecretodelacolmena.com\/index.php?rest_route=\/wp\/v2\/pages\/26\/revisions\/29"}],"wp:attachment":[{"href":"https:\/\/www.elsecretodelacolmena.com\/index.php?rest_route=%2Fwp%2Fv2%2Fmedia&parent=26"}],"curies":[{"name":"wp","href":"https:\/\/api.w.org\/{rel}","templated":true}]}}