{"id":36,"date":"2013-02-13T11:41:42","date_gmt":"2013-02-13T11:41:42","guid":{"rendered":"http:\/\/www.elsecretodelacolmena.com\/?page_id=36"},"modified":"2013-02-20T23:02:41","modified_gmt":"2013-02-20T23:02:41","slug":"taller-online","status":"publish","type":"page","link":"https:\/\/www.elsecretodelacolmena.com\/?page_id=36","title":{"rendered":"Taller online"},"content":{"rendered":"<p>&nbsp;<\/p>\n<p>Herramientas de gesti\u00f3n en la innovaci\u00f3n:<\/p>\n<p>Qu\u00e9 son, para qu\u00e9 sirven y c\u00f3mo se emplean las principales t\u00e9cnicas para fomentar y gestionar la innovaci\u00f3n en la empresa.<\/p>\n<p>Al terminar la acci\u00f3n formativa:<br \/>\nSer\u00e1s consciente de la importancia de gestionar la innovaci\u00f3n en la empresa para garantizar su continuidad.<br \/>\nConocer\u00e1s las principales t\u00e9cnicas de fomento de la innovaci\u00f3n<br \/>\nSabr\u00e1s implementarlas en tu organizaci\u00f3n<br \/>\nConocer\u00e1s ejemplos reales de empresas que han actuado en este \u00e1mbito.<\/p>\n<p>Periodo de inscripci\u00f3n: del 1 de marzo al 12 de abril<\/p>\n<p style=\"text-align: center;\"><a title=\"Entrar en taller\" href=\"http:\/\/www.pisaformacion.com\/v_portal\/apartados\/apartado.asp?te=260\" target=\"_blank\"><img decoding=\"async\" loading=\"lazy\" class=\"size-full wp-image-81  aligncenter\" alt=\"boton\" src=\"http:\/\/www.elsecretodelacolmena.com\/wp-content\/uploads\/2013\/02\/boton.jpg\" width=\"80\" height=\"80\" \/><\/a><\/p>\n<pre style=\"text-align: center;\"><span style=\"color: #808080;\">Haz click para entrar<\/span><\/pre>\n<p>&nbsp;<\/p>\n<p>&nbsp;<\/p>\n","protected":false},"excerpt":{"rendered":"<p>&nbsp; Herramientas de gesti\u00f3n en la innovaci\u00f3n: Qu\u00e9 son, para qu\u00e9 sirven y c\u00f3mo se emplean las principales t\u00e9cnicas para fomentar y gestionar la innovaci\u00f3n en la empresa. Al terminar la acci\u00f3n formativa: Ser\u00e1s consciente de la importancia de gestionar la innovaci\u00f3n en la empresa para garantizar su continuidad. Conocer\u00e1s las principales t\u00e9cnicas de fomento de la innovaci\u00f3n Sabr\u00e1s implementarlas &#8230;<\/p>\n","protected":false},"author":1,"featured_media":0,"parent":0,"menu_order":3,"comment_status":"open","ping_status":"closed","template":"","meta":[],"_links":{"self":[{"href":"https:\/\/www.elsecretodelacolmena.com\/index.php?rest_route=\/wp\/v2\/pages\/36"}],"collection":[{"href":"https:\/\/www.elsecretodelacolmena.com\/index.php?rest_route=\/wp\/v2\/pages"}],"about":[{"href":"https:\/\/www.elsecretodelacolmena.com\/index.php?rest_route=\/wp\/v2\/types\/page"}],"author":[{"embeddable":true,"href":"https:\/\/www.elsecretodelacolmena.com\/index.php?rest_route=\/wp\/v2\/users\/1"}],"replies":[{"embeddable":true,"href":"https:\/\/www.elsecretodelacolmena.com\/index.php?rest_route=%2Fwp%2Fv2%2Fcomments&post=36"}],"version-history":[{"count":10,"href":"https:\/\/www.elsecretodelacolmena.com\/index.php?rest_route=\/wp\/v2\/pages\/36\/revisions"}],"predecessor-version":[{"id":73,"href":"https:\/\/www.elsecretodelacolmena.com\/index.php?rest_route=\/wp\/v2\/pages\/36\/revisions\/73"}],"wp:attachment":[{"href":"https:\/\/www.elsecretodelacolmena.com\/index.php?rest_route=%2Fwp%2Fv2%2Fmedia&parent=36"}],"curies":[{"name":"wp","href":"https:\/\/api.w.org\/{rel}","templated":true}]}}