{"id":5,"date":"2013-02-12T16:02:15","date_gmt":"2013-02-12T16:02:15","guid":{"rendered":"http:\/\/www.elsecretodelacolmena.com\/?page_id=5"},"modified":"2013-03-11T22:38:36","modified_gmt":"2013-03-11T22:38:36","slug":"el-proyecto","status":"publish","type":"page","link":"https:\/\/www.elsecretodelacolmena.com\/?page_id=5","title":{"rendered":"El proyecto"},"content":{"rendered":"<p>&nbsp;<\/p>\n<p><span style=\"color: #046f75;\"><strong><span style=\"font-family: Arial,sans-serif;\"><span style=\"font-size: small;\">El Secreto de la Colmena<\/span><\/span><\/strong><\/span><span style=\"color: #333333;\"><span style=\"font-family: Arial,sans-serif;\"><span style=\"font-size: small;\"> es un proyecto centrado en divulgar la importancia de la innovaci\u00f3n en nuestro tejido empresarial ya que, como en el caso de las abejas, \u00e9sta es la causante del \u201cflorecimiento\u201d y sostenimiento de nuestra econom\u00eda.<\/span><\/span><\/span><\/p>\n<p align=\"JUSTIFY\"><span style=\"color: #333333;\"><span style=\"font-family: Arial,sans-serif;\"><span style=\"font-size: small;\">Sin las abejas no habr\u00eda polinizaci\u00f3n y los \u00e1rboles, por ejemplo, no dar\u00edan sus frutos, lo que supondr\u00eda un desastre alimentario. Este s\u00edmil se puede aplicar al mundo empresarial ya que sin <span style=\"color: #046f75;\"><b>innovaci\u00f3n y creatividad<\/b> <\/span>las empresas no podr\u00edan sobrevivir.<\/span><\/span><\/span><\/p>\n<p><span style=\"color: #333333;\">\u00a0<\/span><\/p>\n<p align=\"JUSTIFY\"><strong><span style=\"color: #333333;\"><span style=\"font-family: Arial,sans-serif;\"><span style=\"font-size: small;\">Objetivo:<\/span><\/span><\/span><\/strong><\/p>\n<p align=\"JUSTIFY\"><span style=\"color: #333333;\"><span style=\"font-family: Arial,sans-serif;\"><span style=\"font-size: small;\">Poner en com\u00fan problemas cotidianos con los que se puede encontrar cualquier PYME y exponer diversas estrategias y buenas pr\u00e1cticas, seg\u00fan el tipo de empresa, para abordarlos desde un punto de vista innovador<\/span><\/span><\/span><\/p>\n<p align=\"JUSTIFY\"><span style=\"color: #333333;\"><span style=\"font-family: Arial,sans-serif;\"><span style=\"font-size: small;\">Con este prop\u00f3sito, hemos programado una serie de actividades en las que las <span style=\"color: #046f75;\"><b>personas y empresas<\/b><\/span> que deseen participar ser\u00e1n las protagonistas.<\/span><\/span><\/span><\/p>\n<p><span style=\"color: #333333;\">\u00a0<\/span><\/p>\n<p><strong><span style=\"color: #333333;\"><span style=\"font-family: Arial,sans-serif;\"><span style=\"font-size: small;\">Dirigido a:<\/span><\/span><\/span><\/strong><\/p>\n<p align=\"JUSTIFY\"><span style=\"color: #000000;\"><span style=\"font-family: Arial,sans-serif;\"><span style=\"font-size: small;\"><b>A todas aquellas personas interesadas en la innovaci\u00f3n.<\/b><\/span><\/span><\/span><\/p>\n<ul>\n<li><span style=\"color: #333333;\"><span style=\"font-family: Arial,sans-serif;\"><span style=\"font-size: small;\"><strong>&#8211; <\/strong>Emprendedores <\/span><\/span><\/span><\/li>\n<li><span style=\"color: #333333;\"><span style=\"font-family: Arial,sans-serif;\"><span style=\"font-size: small;\"><strong>&#8211; <\/strong>Estudiantes que deseen entrar en el mercado laboral o emprdender pr\u00f3ximamente<\/span><\/span><\/span><\/li>\n<li><span style=\"color: #333333;\"><span style=\"font-family: Arial,sans-serif;\"><span style=\"font-size: small;\"><strong>&#8211; <\/strong>Personas en situaci\u00f3n de desempleo con una idea de negocio creativa <\/span><\/span><\/span><\/li>\n<li><span style=\"color: #333333;\"><span style=\"font-family: Arial,sans-serif;\"><span style=\"font-size: small;\"><strong>&#8211; <\/strong>Trabajadores pertenecientes a PYMEs innovadoras <\/span><\/span><\/span><\/li>\n<li><span style=\"color: #333333;\"><span style=\"font-family: Arial,sans-serif;\"><span style=\"font-size: small;\"><strong>&#8211; <\/strong>Mujeres empresarias en el \u00e1mbito rural <\/span><\/span><\/span><\/li>\n<li><span style=\"color: #333333;\"><span style=\"font-family: Arial,sans-serif;\"><span style=\"font-size: small;\"><strong>&#8211; <\/strong>J\u00f3venes pertenecientes a PYMES familiares en situaci\u00f3n de relevo generacional <\/span><\/span><\/span><\/li>\n<\/ul>\n<p>&nbsp;<\/p>\n","protected":false},"excerpt":{"rendered":"<p>&nbsp; El Secreto de la Colmena es un proyecto centrado en divulgar la importancia de la innovaci\u00f3n en nuestro tejido empresarial ya que, como en el caso de las abejas, \u00e9sta es la causante del \u201cflorecimiento\u201d y sostenimiento de nuestra econom\u00eda. Sin las abejas no habr\u00eda polinizaci\u00f3n y los \u00e1rboles, por ejemplo, no dar\u00edan sus frutos, lo que supondr\u00eda un &#8230;<\/p>\n","protected":false},"author":1,"featured_media":0,"parent":0,"menu_order":0,"comment_status":"open","ping_status":"open","template":"","meta":[],"_links":{"self":[{"href":"https:\/\/www.elsecretodelacolmena.com\/index.php?rest_route=\/wp\/v2\/pages\/5"}],"collection":[{"href":"https:\/\/www.elsecretodelacolmena.com\/index.php?rest_route=\/wp\/v2\/pages"}],"about":[{"href":"https:\/\/www.elsecretodelacolmena.com\/index.php?rest_route=\/wp\/v2\/types\/page"}],"author":[{"embeddable":true,"href":"https:\/\/www.elsecretodelacolmena.com\/index.php?rest_route=\/wp\/v2\/users\/1"}],"replies":[{"embeddable":true,"href":"https:\/\/www.elsecretodelacolmena.com\/index.php?rest_route=%2Fwp%2Fv2%2Fcomments&post=5"}],"version-history":[{"count":11,"href":"https:\/\/www.elsecretodelacolmena.com\/index.php?rest_route=\/wp\/v2\/pages\/5\/revisions"}],"predecessor-version":[{"id":20,"href":"https:\/\/www.elsecretodelacolmena.com\/index.php?rest_route=\/wp\/v2\/pages\/5\/revisions\/20"}],"wp:attachment":[{"href":"https:\/\/www.elsecretodelacolmena.com\/index.php?rest_route=%2Fwp%2Fv2%2Fmedia&parent=5"}],"curies":[{"name":"wp","href":"https:\/\/api.w.org\/{rel}","templated":true}]}}