{"id":64,"date":"2013-02-20T10:32:02","date_gmt":"2013-02-20T10:32:02","guid":{"rendered":"http:\/\/www.elsecretodelacolmena.com\/?page_id=64"},"modified":"2013-02-20T23:04:54","modified_gmt":"2013-02-20T23:04:54","slug":"melario","status":"publish","type":"page","link":"https:\/\/www.elsecretodelacolmena.com\/?page_id=64","title":{"rendered":"Melario"},"content":{"rendered":"<p>&nbsp;<\/p>\n<p>Int\u00e9rnate en <strong>la colmena<\/strong>, conoce estrategias innovadoras, casos de \u00e9xito y buenas pr\u00e1cticas. Comparte con nosotros tus experiencias.<\/p>\n<p style=\"text-align: center;\"><a title=\"Entrar en taller\" href=\"  http:\/\/www.pisaformacion.com\/v_portal\/apartados\/apartado.asp?te=259\" target=\"_blank\"><img decoding=\"async\" loading=\"lazy\" class=\"aligncenter\" alt=\"boton\" src=\"http:\/\/www.elsecretodelacolmena.com\/wp-content\/uploads\/2013\/02\/boton.jpg\" width=\"80\" height=\"80\" \/><\/a><\/p>\n<pre style=\"text-align: center;\"><span style=\"color: #808080;\">Haz click para entrar<\/span><\/pre>\n","protected":false},"excerpt":{"rendered":"<p>&nbsp; Int\u00e9rnate en la colmena, conoce estrategias innovadoras, casos de \u00e9xito y buenas pr\u00e1cticas. Comparte con nosotros tus experiencias. Haz click para entrar<\/p>\n","protected":false},"author":1,"featured_media":0,"parent":0,"menu_order":4,"comment_status":"open","ping_status":"closed","template":"","meta":[],"_links":{"self":[{"href":"https:\/\/www.elsecretodelacolmena.com\/index.php?rest_route=\/wp\/v2\/pages\/64"}],"collection":[{"href":"https:\/\/www.elsecretodelacolmena.com\/index.php?rest_route=\/wp\/v2\/pages"}],"about":[{"href":"https:\/\/www.elsecretodelacolmena.com\/index.php?rest_route=\/wp\/v2\/types\/page"}],"author":[{"embeddable":true,"href":"https:\/\/www.elsecretodelacolmena.com\/index.php?rest_route=\/wp\/v2\/users\/1"}],"replies":[{"embeddable":true,"href":"https:\/\/www.elsecretodelacolmena.com\/index.php?rest_route=%2Fwp%2Fv2%2Fcomments&post=64"}],"version-history":[{"count":7,"href":"https:\/\/www.elsecretodelacolmena.com\/index.php?rest_route=\/wp\/v2\/pages\/64\/revisions"}],"predecessor-version":[{"id":87,"href":"https:\/\/www.elsecretodelacolmena.com\/index.php?rest_route=\/wp\/v2\/pages\/64\/revisions\/87"}],"wp:attachment":[{"href":"https:\/\/www.elsecretodelacolmena.com\/index.php?rest_route=%2Fwp%2Fv2%2Fmedia&parent=64"}],"curies":[{"name":"wp","href":"https:\/\/api.w.org\/{rel}","templated":true}]}}